{"id":768,"date":"2022-02-23T21:06:07","date_gmt":"2022-02-23T21:06:07","guid":{"rendered":"https:\/\/demo.creativethemes.com\/stagingfour\/?page_id=768"},"modified":"2023-11-01T17:06:42","modified_gmt":"2023-11-01T16:06:42","slug":"about-us","status":"publish","type":"page","link":"https:\/\/negociosdigitalesapymsa.com\/index.php\/about-us\/","title":{"rendered":"Servicios"},"content":{"rendered":"\n<div class=\"wp-block-stackable-text stk-block-text stk-block stk-134dda6\" data-block-id=\"134dda6\"><style>.stk-134dda6 .stk-block-text__text{font-size:20px !important}@media screen and (max-width:1023px){.stk-134dda6 .stk-block-text__text{font-size:20px !important}}<\/style><p class=\"stk-block-text__text has-text-align-center\">La gerencia de Negocios digitales abarca desde la auditor\u00eda del mercado, la estrategia de comunicaci\u00f3n, la creaci\u00f3n de sitios, el mantenimiento de la presencia de marca hasta la constante b\u00fasqueda de mejoras porque el entorno digital cambia d\u00eda a d\u00eda.<\/p><\/div>\n\n\n\n<div class=\"wp-block-stackable-spacer stk-block-spacer stk--no-padding stk-block stk-6090630\" data-block-id=\"6090630\"><\/div>\n\n\n\n<div class=\"wp-block-stackable-feature-grid alignwide stk-block-feature-grid stk-block-columns stk-block stk-b7194ac is-style-default\" data-block-id=\"b7194ac\"><style>.stk-b7194ac{margin-bottom:0px !important}<\/style><div class=\"stk-row stk-inner-blocks has-text-align-center stk-block-content stk-content-align stk-b7194ac-column alignwide\">\n<div class=\"wp-block-stackable-column stk-block-column stk-column stk-block stk-2c0dea0\" data-v=\"4\" data-block-id=\"2c0dea0\"><div class=\"stk-column-wrapper stk-block-column__content stk-container stk-2c0dea0-container stk-hover-parent\"><div class=\"stk-block-content stk-inner-blocks stk-2c0dea0-inner-blocks\">\n<div class=\"wp-block-stackable-image stk-block-image stk-block stk-34b7e76\" data-block-id=\"34b7e76\"><style>.stk-34b7e76{margin-bottom:36px !important}.stk-34b7e76 .stk-img-wrapper{width:100% !important;height:281px !important}<\/style><figure class=\"stk-img-wrapper stk-image--shape-stretch\"><img decoding=\"async\" loading=\"lazy\" class=\"stk-img wp-image-807\" src=\"http:\/\/negociosdigitalesapymsa.com\/wp-content\/uploads\/2023\/10\/pexels-otavio-fonseca-4665064-1-scaled.jpg\" width=\"2560\" height=\"1812\" srcset=\"https:\/\/negociosdigitalesapymsa.com\/wp-content\/uploads\/2023\/10\/pexels-otavio-fonseca-4665064-1-scaled.jpg 2560w, https:\/\/negociosdigitalesapymsa.com\/wp-content\/uploads\/2023\/10\/pexels-otavio-fonseca-4665064-1-300x212.jpg 300w, https:\/\/negociosdigitalesapymsa.com\/wp-content\/uploads\/2023\/10\/pexels-otavio-fonseca-4665064-1-1024x725.jpg 1024w, https:\/\/negociosdigitalesapymsa.com\/wp-content\/uploads\/2023\/10\/pexels-otavio-fonseca-4665064-1-768x544.jpg 768w, https:\/\/negociosdigitalesapymsa.com\/wp-content\/uploads\/2023\/10\/pexels-otavio-fonseca-4665064-1-1536x1087.jpg 1536w, https:\/\/negociosdigitalesapymsa.com\/wp-content\/uploads\/2023\/10\/pexels-otavio-fonseca-4665064-1-2048x1449.jpg 2048w\" sizes=\"(max-width: 2560px) 100vw, 2560px\" \/><\/figure><\/div>\n\n\n\n<div class=\"wp-block-stackable-heading stk-block-heading stk-block-heading--v2 stk-block stk-b10d689\" id=\"span-style-color-000000-class-stk-highlight-creacion-de-sitios-web-span\" data-block-id=\"b10d689\"><style>.stk-b10d689 .stk-block-heading__text{font-size:19px !important}@media screen and (max-width:1023px){.stk-b10d689 .stk-block-heading__text{font-size:19px !important}}<\/style><h3 class=\"stk-block-heading__text\"><span style=\"color: #000000;\" class=\"stk-highlight\">CREACI\u00d3N DE SITIOS WEB<\/span><\/h3><\/div>\n\n\n\n<div class=\"wp-block-stackable-text stk-block-text stk-block stk-b367493\" data-block-id=\"b367493\"><style>.stk-b367493 .stk-block-text__text{font-size:15px !important}@media screen and (max-width:1023px){.stk-b367493 .stk-block-text__text{font-size:15px !important}}<\/style><p class=\"stk-block-text__text has-text-align-center\">Administramos la presencia digital de tu marca y la convertimos en herramienta de venta<\/p><\/div>\n<\/div><\/div><\/div>\n\n\n\n<div class=\"wp-block-stackable-column stk-block-column stk-column stk-block stk-782cac0\" data-v=\"4\" data-block-id=\"782cac0\"><div class=\"stk-column-wrapper stk-block-column__content stk-container stk-782cac0-container stk-hover-parent\"><div class=\"stk-block-content stk-inner-blocks stk-782cac0-inner-blocks\">\n<div class=\"wp-block-stackable-image stk-block-image stk-block stk-3dac27f\" data-block-id=\"3dac27f\"><style>.stk-3dac27f .stk-img-wrapper{width:100% !important;height:286px !important}<\/style><figure class=\"stk-img-wrapper stk-image--shape-stretch\"><img decoding=\"async\" loading=\"lazy\" class=\"stk-img wp-image-919\" src=\"http:\/\/negociosdigitalesapymsa.com\/wp-content\/uploads\/2023\/11\/3.jpg\" width=\"1267\" height=\"845\" srcset=\"https:\/\/negociosdigitalesapymsa.com\/wp-content\/uploads\/2023\/11\/3.jpg 1267w, https:\/\/negociosdigitalesapymsa.com\/wp-content\/uploads\/2023\/11\/3-300x200.jpg 300w, https:\/\/negociosdigitalesapymsa.com\/wp-content\/uploads\/2023\/11\/3-1024x683.jpg 1024w, https:\/\/negociosdigitalesapymsa.com\/wp-content\/uploads\/2023\/11\/3-768x512.jpg 768w\" sizes=\"(max-width: 1267px) 100vw, 1267px\" \/><\/figure><\/div>\n\n\n\n<div class=\"wp-block-stackable-heading stk-block-heading stk-block-heading--v2 stk-block stk-be521fd\" id=\"strong-strong-creacion-de-landing-page-strong-strong\" data-block-id=\"be521fd\"><style>.stk-be521fd .stk-block-heading__text{font-size:17px !important;color:#000000 !important}@media screen and (max-width:1023px){.stk-be521fd .stk-block-heading__text{font-size:17px !important}}<\/style><h3 class=\"stk-block-heading__text has-text-color\"><strong><strong>CREACI\u00d3N DE LANDING PAGE<\/strong><\/strong><\/h3><\/div>\n\n\n\n<div class=\"wp-block-stackable-text stk-block-text stk-block stk-719f397\" data-block-id=\"719f397\"><p class=\"stk-block-text__text\">Convertimos la curiosidad de un usuario en un cliente potencial para tu marca<\/p><\/div>\n<\/div><\/div><\/div>\n\n\n\n<div class=\"wp-block-stackable-column stk-block-column stk-column stk-block stk-fff306c\" data-v=\"4\" data-block-id=\"fff306c\"><div class=\"stk-column-wrapper stk-block-column__content stk-container stk-fff306c-container stk-hover-parent\"><div class=\"stk-block-content stk-inner-blocks stk-fff306c-inner-blocks\">\n<div class=\"wp-block-stackable-image stk-block-image stk-block stk-e81b24c\" data-block-id=\"e81b24c\"><figure class=\"stk-img-wrapper stk-image--shape-stretch\"><img decoding=\"async\" loading=\"lazy\" class=\"stk-img wp-image-922\" src=\"http:\/\/negociosdigitalesapymsa.com\/wp-content\/uploads\/2023\/11\/6.jpg\" width=\"1228\" height=\"809\" srcset=\"https:\/\/negociosdigitalesapymsa.com\/wp-content\/uploads\/2023\/11\/6.jpg 1228w, https:\/\/negociosdigitalesapymsa.com\/wp-content\/uploads\/2023\/11\/6-300x198.jpg 300w, https:\/\/negociosdigitalesapymsa.com\/wp-content\/uploads\/2023\/11\/6-1024x675.jpg 1024w, https:\/\/negociosdigitalesapymsa.com\/wp-content\/uploads\/2023\/11\/6-768x506.jpg 768w\" sizes=\"(max-width: 1228px) 100vw, 1228px\" \/><\/figure><\/div>\n\n\n\n<div class=\"wp-block-stackable-heading stk-block-heading stk-block-heading--v2 stk-block stk-790fac7\" id=\"strong-strong-strong-estrategias-digitales-strong-strong-strong\" data-block-id=\"790fac7\"><style>.stk-790fac7 .stk-block-heading__text{font-size:20px !important;color:#000000 !important}@media screen and (max-width:1023px){.stk-790fac7 .stk-block-heading__text{font-size:20px !important}}<\/style><h3 class=\"stk-block-heading__text has-text-color\"><strong><strong><strong>ESTRATEGIAS DIGITALES<\/strong><\/strong><\/strong><\/h3><\/div>\n\n\n\n<div class=\"wp-block-stackable-text stk-block-text stk-block stk-43554b7\" data-block-id=\"43554b7\"><p class=\"stk-block-text__text\">Planificamos el c\u00f3mo, cu\u00e1ndo y por d\u00f3nde para tu marca en internet<\/p><\/div>\n<\/div><\/div><\/div>\n<\/div><\/div>\n\n\n\n<div class=\"wp-block-stackable-feature-grid alignwide stk-block-feature-grid stk-block-columns stk-block stk-f086782 is-style-default\" data-block-id=\"f086782\"><style>.stk-f086782{margin-bottom:79px !important}<\/style><div class=\"stk-row stk-inner-blocks has-text-align-center stk-block-content stk-content-align stk-f086782-column alignwide\">\n<div class=\"wp-block-stackable-column stk-block-column stk-column stk-block stk-9078a8f\" data-v=\"4\" data-block-id=\"9078a8f\"><div class=\"stk-column-wrapper stk-block-column__content stk-container stk-9078a8f-container stk-hover-parent\"><div class=\"stk-block-content stk-inner-blocks stk-9078a8f-inner-blocks\">\n<div class=\"wp-block-stackable-image stk-block-image stk-block stk-4ad54aa\" data-block-id=\"4ad54aa\"><style>.stk-4ad54aa{margin-bottom:50px !important}.stk-4ad54aa .stk-img-wrapper{width:100% !important;height:234px !important}<\/style><figure class=\"stk-img-wrapper stk-image--shape-stretch\"><img decoding=\"async\" loading=\"lazy\" class=\"stk-img wp-image-918\" src=\"http:\/\/negociosdigitalesapymsa.com\/wp-content\/uploads\/2023\/11\/1.jpg\" width=\"1275\" height=\"851\" srcset=\"https:\/\/negociosdigitalesapymsa.com\/wp-content\/uploads\/2023\/11\/1.jpg 1275w, https:\/\/negociosdigitalesapymsa.com\/wp-content\/uploads\/2023\/11\/1-300x200.jpg 300w, https:\/\/negociosdigitalesapymsa.com\/wp-content\/uploads\/2023\/11\/1-1024x683.jpg 1024w, https:\/\/negociosdigitalesapymsa.com\/wp-content\/uploads\/2023\/11\/1-768x513.jpg 768w\" sizes=\"(max-width: 1275px) 100vw, 1275px\" \/><\/figure><\/div>\n\n\n\n<div class=\"wp-block-stackable-heading stk-block-heading stk-block-heading--v2 stk-block stk-d45e513\" id=\"span-style-color-000000-class-stk-highlight-span-style-gestion-de-herramientas-de-span-strong-strong-strong-strong-analisis-web-strong-strong-strong-strong-span\" data-block-id=\"d45e513\"><style>.stk-d45e513 .stk-block-heading__text{font-size:19px !important}@media screen and (max-width:1023px){.stk-d45e513 .stk-block-heading__text{font-size:19px !important}}<\/style><h3 class=\"stk-block-heading__text\"><span style=\"color: #000000;\" class=\"stk-highlight\"><span style=\"\">GESTI\u00d3N DE HERRAMIENTAS DE <\/span><strong><strong><strong><strong>AN\u00c1LISIS WEB<\/strong><\/strong><\/strong><\/strong><\/span><\/h3><\/div>\n\n\n\n<div class=\"wp-block-stackable-text stk-block-text stk-block stk-79de104\" data-block-id=\"79de104\"><style>.stk-79de104 .stk-block-text__text{font-size:15px !important}@media screen and (max-width:1023px){.stk-79de104 .stk-block-text__text{font-size:15px !important}}<\/style><p class=\"stk-block-text__text has-text-align-center\">Rastreamos qui\u00e9n es tu cliente, qu\u00e9 hace, qu\u00e9 quiere y c\u00f3mo lo quiere<\/p><\/div>\n<\/div><\/div><\/div>\n\n\n\n<div class=\"wp-block-stackable-column stk-block-column stk-column stk-block stk-d1b2b09\" data-v=\"4\" data-block-id=\"d1b2b09\"><div class=\"stk-column-wrapper stk-block-column__content stk-container stk-d1b2b09-container stk-hover-parent\"><div class=\"stk-block-content stk-inner-blocks stk-d1b2b09-inner-blocks\">\n<div class=\"wp-block-stackable-image stk-block-image stk-block stk-2f44044\" data-block-id=\"2f44044\"><style>.stk-2f44044{margin-bottom:41px !important}.stk-2f44044 .stk-img-wrapper{width:100% !important;height:240px !important}<\/style><figure class=\"stk-img-wrapper stk-image--shape-stretch\"><img decoding=\"async\" loading=\"lazy\" class=\"stk-img wp-image-920\" src=\"http:\/\/negociosdigitalesapymsa.com\/wp-content\/uploads\/2023\/11\/4.jpg\" width=\"1350\" height=\"900\" srcset=\"https:\/\/negociosdigitalesapymsa.com\/wp-content\/uploads\/2023\/11\/4.jpg 1350w, https:\/\/negociosdigitalesapymsa.com\/wp-content\/uploads\/2023\/11\/4-300x200.jpg 300w, https:\/\/negociosdigitalesapymsa.com\/wp-content\/uploads\/2023\/11\/4-1024x683.jpg 1024w, https:\/\/negociosdigitalesapymsa.com\/wp-content\/uploads\/2023\/11\/4-768x512.jpg 768w\" sizes=\"(max-width: 1350px) 100vw, 1350px\" \/><\/figure><\/div>\n\n\n\n<div class=\"wp-block-stackable-heading stk-block-heading stk-block-heading--v2 stk-block stk-4018573\" id=\"auditoria-ux-ui\" data-block-id=\"4018573\"><style>.stk-4018573 .stk-block-heading__text{font-size:17px !important;color:#000000 !important}@media screen and (max-width:1023px){.stk-4018573 .stk-block-heading__text{font-size:17px !important}}<\/style><h3 class=\"stk-block-heading__text has-text-color\">AUDITOR\u00cdA UX\/UI<\/h3><\/div>\n\n\n\n<div class=\"wp-block-stackable-text stk-block-text stk-block stk-c293520\" data-block-id=\"c293520\"><p class=\"stk-block-text__text\">Estudiamos c\u00f3mo se comportan tus clientes y c\u00f3mo reaccionan a tu comunicaci\u00f3n<\/p><\/div>\n<\/div><\/div><\/div>\n\n\n\n<div class=\"wp-block-stackable-column stk-block-column stk-column stk-block stk-67777f5\" data-v=\"4\" data-block-id=\"67777f5\"><div class=\"stk-column-wrapper stk-block-column__content stk-container stk-67777f5-container stk-hover-parent\"><div class=\"stk-block-content stk-inner-blocks stk-67777f5-inner-blocks\">\n<div class=\"wp-block-stackable-image stk-block-image stk-block stk-cadf711\" data-block-id=\"cadf711\"><style>.stk-cadf711{margin-bottom:33px !important}<\/style><figure class=\"stk-img-wrapper stk-image--shape-stretch\"><img decoding=\"async\" loading=\"lazy\" class=\"stk-img wp-image-921\" src=\"http:\/\/negociosdigitalesapymsa.com\/wp-content\/uploads\/2023\/11\/5.jpg\" width=\"1350\" height=\"759\" srcset=\"https:\/\/negociosdigitalesapymsa.com\/wp-content\/uploads\/2023\/11\/5.jpg 1350w, https:\/\/negociosdigitalesapymsa.com\/wp-content\/uploads\/2023\/11\/5-300x169.jpg 300w, https:\/\/negociosdigitalesapymsa.com\/wp-content\/uploads\/2023\/11\/5-1024x576.jpg 1024w, https:\/\/negociosdigitalesapymsa.com\/wp-content\/uploads\/2023\/11\/5-768x432.jpg 768w\" sizes=\"(max-width: 1350px) 100vw, 1350px\" \/><\/figure><\/div>\n\n\n\n<div class=\"wp-block-stackable-heading stk-block-heading stk-block-heading--v2 stk-block stk-286ff93\" id=\"strong-strong-strong-strong-strong-strong-strong-strong-strong-benchmarking-copys-strong-strong-strong-strong-strong-strong-strong-strong-strong\" data-block-id=\"286ff93\"><style>.stk-286ff93 .stk-block-heading__text{font-size:20px !important;color:#000000 !important}@media screen and (max-width:1023px){.stk-286ff93 .stk-block-heading__text{font-size:20px !important}}<\/style><h3 class=\"stk-block-heading__text has-text-color\"><strong><strong><strong><strong><strong><strong><strong><strong><strong>BENCHMARKING\/COPYS<\/strong><\/strong><\/strong><\/strong><\/strong><\/strong><\/strong><\/strong><\/strong><\/h3><\/div>\n\n\n\n<div class=\"wp-block-stackable-text stk-block-text stk-block stk-ef7fec0\" data-block-id=\"ef7fec0\"><p class=\"stk-block-text__text\">Investigamos a la competencia y desarrollamos el contenido de tu estrategia<\/p><\/div>\n<\/div><\/div><\/div>\n<\/div><\/div>\n\n\n\n<div class=\"wp-block-stackable-heading stk-block-heading stk-block-heading--v2 stk-block stk-145e7f7\" id=\"testimonios\" data-block-id=\"145e7f7\"><style>.stk-145e7f7{margin-bottom:35px !important}.stk-145e7f7 .stk-block-heading__text{font-size:60px !important;line-height:1em !important;font-weight:800 !important}@media screen and (max-width:1023px){.stk-145e7f7 .stk-block-heading__text{font-size:30px !important}}<\/style><h2 class=\"stk-block-heading__text has-text-align-center\">TESTIMONIOS<\/h2><\/div>\n\n\n\n<div class=\"guten-element guten-testimonials guten-CeLCab style-2 quote-override\"><div class=\"testimonials-list\"><div id=\"guten-CeLCab\" class=\"swiper-container\" data-loop=\"false\" data-autoplay=\"false\" data-timeout=\"2400\" data-nav=\"false\" data-arrow=\"false\" data-breakpoints=\"{&quot;0&quot;:{&quot;spaceBetween&quot;:10,&quot;slidesPerView&quot;:1},&quot;768&quot;:{&quot;spaceBetween&quot;:10,&quot;slidesPerView&quot;:2},&quot;1024&quot;:{&quot;spaceBetween&quot;:10,&quot;slidesPerView&quot;:3}}\"><div class=\"swiper-wrapper\"><div class=\"swiper-slide\"><div class=\"guten-testimonial-item\"><div class=\"testimonial-box hover-from-left\"><div class=\"comment-header\"><ul class=\"rating-stars\"><\/ul><\/div><div class=\"comment-bio\"><div class=\"bio-details\"><div class=\"profile-image\"><img decoding=\"async\" src=\"http:\/\/negociosdigitalesapymsa.com\/wp-content\/uploads\/2023\/10\/Proyecto-nuevo.webp\" alt=\"AMLO\"\/><\/div><span class=\"profile-info\"><strong class=\"profile-name\">AMLO<\/strong><p class=\"profile-des\">AMLO<\/p><\/span><\/div><div class=\" icon-content\"><i aria-hidden=\"true\" class=\"fas fa-quote-left\"><\/i><\/div><\/div><div class=\"comment-content\"><p>&#8220;Ni Obama tiene un sitio web como el que me hizo el \u00e1rea de Negocios Digitales&#8221;<\/p><\/div><\/div><\/div><\/div><div class=\"swiper-slide\"><div class=\"guten-testimonial-item\"><div class=\"testimonial-box hover-from-left\"><div class=\"comment-header\"><ul class=\"rating-stars\"><\/ul><\/div><div class=\"comment-bio\"><div class=\"bio-details\"><div class=\"profile-image\"><img decoding=\"async\" src=\"http:\/\/negociosdigitalesapymsa.com\/wp-content\/uploads\/2023\/10\/Proyecto-nuevo-1.webp\" alt=\"Brad Pitt\"\/><\/div><span class=\"profile-info\"><strong class=\"profile-name\">Brad Pitt<\/strong><p class=\"profile-des\">Brad Pitt<\/p><\/span><\/div><div class=\" icon-content\"><i aria-hidden=\"true\" class=\"fas fa-quote-left\"><\/i><\/div><\/div><div class=\"comment-content\"><p>&#8220;Con este fant\u00e1stico copy voy a reconquistar a Angelina&#8221;<\/p><\/div><\/div><\/div><\/div><div class=\"swiper-slide\"><div class=\"guten-testimonial-item\"><div class=\"testimonial-box hover-from-left\"><div class=\"comment-header\"><ul class=\"rating-stars\"><\/ul><\/div><div class=\"comment-bio\"><div class=\"bio-details\"><div class=\"profile-image\"><img decoding=\"async\" src=\"http:\/\/negociosdigitalesapymsa.com\/wp-content\/uploads\/2023\/10\/Proyecto-nuevo-2.webp\" alt=\"Shakira\"\/><\/div><span class=\"profile-info\"><strong class=\"profile-name\">Shakira<\/strong><p class=\"profile-des\">Shakira<\/p><\/span><\/div><div class=\" icon-content\"><i aria-hidden=\"true\" class=\"fas fa-quote-left\"><\/i><\/div><\/div><div class=\"comment-content\"><p>&#8220;Clara-mente, es la mejor estrategia digital para m\u00ed&#8221;<\/p><\/div><\/div><\/div><\/div><div class=\"swiper-slide\"><div class=\"guten-testimonial-item\"><div class=\"testimonial-box hover-from-left\"><div class=\"comment-header\"><ul class=\"rating-stars\"><\/ul><\/div><div class=\"comment-bio\"><div class=\"bio-details\"><div class=\"profile-image\"><img decoding=\"async\" src=\"https:\/\/negociosdigitalesapymsa.com\/wp-content\/plugins\/gutenverse\/assets\/img\/img-placeholder.jpg\" alt=\"John Doe\"\/><\/div><span class=\"profile-info\"><strong class=\"profile-name\">John Doe<\/strong><p class=\"profile-des\">Lorem Ipsum<\/p><\/span><\/div><div class=\" icon-content\"><i aria-hidden=\"true\" class=\"fas fa-quote-left\"><\/i><\/div><\/div><div class=\"comment-content\"><p>Lorem Ipsum Donor Mannor<\/p><\/div><\/div><\/div><\/div><div class=\"swiper-slide\"><div class=\"guten-testimonial-item\"><div class=\"testimonial-box hover-from-left\"><div class=\"comment-header\"><ul class=\"rating-stars\"><\/ul><\/div><div class=\"comment-bio\"><div class=\"bio-details\"><div class=\"profile-image\"><img decoding=\"async\" src=\"https:\/\/negociosdigitalesapymsa.com\/wp-content\/plugins\/gutenverse\/assets\/img\/img-placeholder.jpg\" alt=\"John Doe\"\/><\/div><span class=\"profile-info\"><strong class=\"profile-name\">John Doe<\/strong><p class=\"profile-des\">Lorem Ipsum<\/p><\/span><\/div><div class=\" icon-content\"><i aria-hidden=\"true\" class=\"fas fa-quote-left\"><\/i><\/div><\/div><div class=\"comment-content\"><p>Lorem Ipsum Donor Mannor<\/p><\/div><\/div><\/div><\/div><\/div><\/div><\/div><\/div>\n\n\n\n<div class=\"wp-block-stackable-spacer stk-block-spacer stk--no-padding stk-block stk-6a8268d\" data-block-id=\"6a8268d\"><style>.stk-6a8268d{height:36px !important}@media screen and (max-width:767px){.stk-6a8268d{height:50px !important}}<\/style><\/div>\n\n\n\n<div class=\"wp-block-stackable-spacer stk-block-spacer stk--no-padding stk-block stk-59d9e47\" data-block-id=\"59d9e47\"><style>.stk-59d9e47{height:30px !important}@media screen and (max-width:767px){.stk-59d9e47{height:0px !important}}<\/style><\/div>\n\n\n\n<div class=\"wp-block-stackable-text stk-block-text stk-block stk-455d9dc\" data-block-id=\"455d9dc\"><p class=\"stk-block-text__text\"><\/p><\/div>\n","protected":false},"excerpt":{"rendered":"<p>Pellentesque tincidunt tristique neque, eget venenatis enim gravida quis. Fusce at egestas libero. Cras convallis egestas ullamcorper suspens.<\/p>\n","protected":false},"author":1,"featured_media":0,"parent":0,"menu_order":0,"comment_status":"closed","ping_status":"closed","template":"","meta":{"footnotes":""},"blocksy_meta":{"styles_descriptor":{"styles":{"desktop":"","tablet":"","mobile":""},"google_fonts":[],"version":5}},"featured_image_urls":{"full":"","thumbnail":"","medium":"","medium_large":"","large":"","1536x1536":"","2048x2048":""},"post_excerpt_stackable":"<p>Pellentesque tincidunt tristique neque, eget venenatis enim gravida quis. Fusce at egestas libero. Cras convallis egestas ullamcorper suspens.<\/p>\n","category_list":"","author_info":{"name":"enrique.palafox","url":"https:\/\/negociosdigitalesapymsa.com\/index.php\/author\/enrique-palafox\/"},"comments_num":"0 comments","_links":{"self":[{"href":"https:\/\/negociosdigitalesapymsa.com\/index.php\/wp-json\/wp\/v2\/pages\/768"}],"collection":[{"href":"https:\/\/negociosdigitalesapymsa.com\/index.php\/wp-json\/wp\/v2\/pages"}],"about":[{"href":"https:\/\/negociosdigitalesapymsa.com\/index.php\/wp-json\/wp\/v2\/types\/page"}],"author":[{"embeddable":true,"href":"https:\/\/negociosdigitalesapymsa.com\/index.php\/wp-json\/wp\/v2\/users\/1"}],"replies":[{"embeddable":true,"href":"https:\/\/negociosdigitalesapymsa.com\/index.php\/wp-json\/wp\/v2\/comments?post=768"}],"version-history":[{"count":14,"href":"https:\/\/negociosdigitalesapymsa.com\/index.php\/wp-json\/wp\/v2\/pages\/768\/revisions"}],"predecessor-version":[{"id":959,"href":"https:\/\/negociosdigitalesapymsa.com\/index.php\/wp-json\/wp\/v2\/pages\/768\/revisions\/959"}],"wp:attachment":[{"href":"https:\/\/negociosdigitalesapymsa.com\/index.php\/wp-json\/wp\/v2\/media?parent=768"}],"curies":[{"name":"wp","href":"https:\/\/api.w.org\/{rel}","templated":true}]}}